{"id":1587,"date":"2025-06-13T10:23:03","date_gmt":"2025-06-13T08:23:03","guid":{"rendered":"https:\/\/wpml.transparencyandtruth.ch\/?page_id=1587"},"modified":"2025-10-23T13:58:22","modified_gmt":"2025-10-23T11:58:22","slug":"contesto","status":"publish","type":"page","link":"https:\/\/wpml.transparencyandtruth.ch\/it\/contesto\/","title":{"rendered":"Contesto"},"content":{"rendered":"\n<p><\/p>\n\n\n\n<p><\/p>\n\n\n\n<p>I <strong>determinanti commerciali della salute (DCS)<\/strong> si riferiscono a un insieme di fattori economici e strutturali attraverso cui attori privati \u2013 soprattutto multinazionali \u2013 influenzano direttamente o indirettamente la salute delle popolazioni. Questa influenza pu\u00f2 essere <strong>positiva<\/strong> (ad esempio, lo sviluppo di un vaccino contro una pandemia) oppure <strong>negativa<\/strong> (come l\u2019opposizione dell\u2019industria del tabacco ai divieti pubblicitari, nonostante i suoi prodotti uccidano met\u00e0 dei consumatori).<\/p>\n\n\n\n<p><strong>Determinanti commerciali nocivi per la salute<\/strong><\/p>\n\n\n\n<p>Oltre ai prodotti stessi, i DCS comprendono la logica di mercato, le norme sociali e i quadri normativi che incidono sugli stili di vita, sulle malattie non trasmissibili, sulle malattie infettive, sulle pandemie e sul cambiamento climatico. \u00c8 ampiamente riconosciuto che i DCS legati all\u2019industria del tabacco siano <strong>esclusivamente negativi<\/strong>. L\u2019Assemblea Generale delle Nazioni Unite ha infatti riconosciuto che \u201cesiste un conflitto d\u2019interessi fondamentale tra l\u2019industria del tabacco e la salute pubblica\u201d.<br>Per questo motivo, la nostra analisi si concentra esclusivamente sui DCS che influenzano <strong>negativamente<\/strong> la salute pubblica.<\/p>\n\n\n\n<p><\/p>\n\n\n\n<p>Questi DCS sono molto simili tra i vari settori che producono beni dannosi per la salute o per l\u2019ambiente (oltre al tabacco: alcol, cibi ultra-processati, bibite zuccherate, combustibili fossili, ecc.). Lo studio dei DCS permette di <strong>andare oltre le spiegazioni basate sul comportamento individuale<\/strong>, evidenziando strategie di marketing, condizioni di lavoro, esternalit\u00e0 della produzione e attivit\u00e0 politiche che influiscono sulla salute della popolazione.<\/p>\n\n\n\n<p><\/p>\n\n\n\n<p><strong><strong>Le conseguenze dei DCS aggravano le disuguaglianze all\u2019interno e tra le popolazioni<\/strong><\/strong><\/p>\n\n\n<p>Riflettendo un fallimento strutturale legato alla <strong>concentrazione del potere economico<\/strong> e all\u2019intreccio tra interessi privati e politiche pubbliche, i DCS sollevano importanti questioni di <strong>regolamentazione, responsabilit\u00e0<\/strong> e <strong>tutela del bene comune<\/strong>, aggravando in particolare le disuguaglianze <strong>intra-<\/strong> e <strong>interpopolazionali<\/strong>.<\/p>\n<p>I paragrafi seguenti evidenziano <strong>sei principali ambiti di influenza<\/strong> attraverso i quali i DCS impattano sulla salute pubblica:<\/p>\n\n\n<h3 class=\"wp-block-heading\"><\/h3>\n\n\n\n<details class=\"wp-block-details is-layout-flow wp-block-details-is-layout-flow\"><summary><strong><strong>Influenza politica<\/strong><\/strong><\/summary>\n<p>Le aziende influenzano lo sviluppo delle politiche sanitarie, in particolare tramite il <strong>lobbying<\/strong>, la partecipazione ai processi legislativi e le <strong>partnership istituzionali strategiche<\/strong>. Utilizzano deliberatamente argomenti economici e legali per ritardare, indebolire o bloccare iniziative regolatorie.<br>L\u2019uso di strumenti giuridici internazionali pu\u00f2 limitare significativamente il margine d\u2019azione politica e portare a un approccio normativo pi\u00f9 cauto. Di conseguenza, la <strong>sovranit\u00e0 sanitaria degli Stati<\/strong> viene strutturalmente indebolita.<\/p>\n\n\n\n<p><\/p>\n<\/details>\n\n\n\n<details class=\"wp-block-details is-layout-flow wp-block-details-is-layout-flow\"><summary><strong><strong>Influenza comportamentale<\/strong><\/strong><\/summary>\n<p>Il <strong>marketing<\/strong> (inclusi pubblicit\u00e0, storytelling e relazioni pubbliche) modella i comportamenti, le identit\u00e0 e le norme sociali. Associando i propri prodotti a valori come la libert\u00e0 o il benessere, le aziende <strong>normalizzano il consumo di prodotti dannosi<\/strong>.<br>Il targeting digitale amplifica questa influenza, spesso in modi <strong>non tracciabili<\/strong>, riducendo la capacit\u00e0 di agire degli individui. Il marketing diventa cos\u00ec una potente leva di <strong>legittimazione culturale<\/strong> e di occultamento dei veri determinanti della salute.<\/p>\n\n\n\n<p><\/p>\n<\/details>\n\n\n\n<details class=\"wp-block-details is-layout-flow wp-block-details-is-layout-flow\"><summary><strong><strong>Controllo della produzione e diffusione dei saperi<\/strong><\/strong><\/summary>\n<p>Finanziando la ricerca, le aziende <strong>orientano le priorit\u00e0 scientifiche<\/strong> e creano dubbi. Questa influenza va dalla <strong>problematizzazione<\/strong> fino alla <strong>(non) pubblicazione dei risultati<\/strong>.<br>Alimentando <strong>controversie artificiali<\/strong>, minano la legittimit\u00e0 delle prove scientifiche e bloccano l\u2019azione politica. La scienza diventa cos\u00ec <strong>un terreno strategico di influenza<\/strong>.<\/p>\n\n\n\n<p><\/p>\n<\/details>\n\n\n\n<details class=\"wp-block-details is-layout-flow wp-block-details-is-layout-flow\"><summary><strong><strong>Responsabilit\u00e0 sociale d\u2019impresa (RSI)<\/strong><\/strong><\/summary>\n<p>La RSI consente alle aziende di <strong>costruire un\u2019immagine responsabile<\/strong>, indipendentemente dagli effetti sulla salute delle loro attivit\u00e0.<br>Azioni caritatevoli, partnership e campagne di comunicazione rafforzano la loro <strong>legittimit\u00e0 sociale<\/strong>, distogliendo per\u00f2 l\u2019attenzione dalle pratiche dannose.<br>La RSI agisce cos\u00ec come <strong>alternativa simbolica<\/strong> alla regolamentazione legale, consolidando uno <strong>status quo favorevole agli interessi economici<\/strong>.<\/p>\n\n\n\n<p><\/p>\n<\/details>\n\n\n\n<details class=\"wp-block-details is-layout-flow wp-block-details-is-layout-flow\"><summary><strong><strong>Potere strutturale di mercato<\/strong><\/strong><\/summary>\n<p>Il <strong>potere di mercato<\/strong> \u00e8 la leva centrale dietro tutti gli altri meccanismi d\u2019influenza.<br>Attraverso la <strong>concentrazione di capitale e influenza<\/strong>, le grandi aziende controllano l\u2019offerta, <strong>plasmano le preferenze collettive<\/strong> e <strong>limitano attivamente l\u2019accesso ad alternative pi\u00f9 sane<\/strong>.<br>Esternalizzano i costi sanitari e ambientali sulla societ\u00e0, privatizzando i profitti e individualizzando le responsabilit\u00e0.<br>Questa <strong>strategia deliberata di confusione<\/strong> oscura le vere cause delle disuguaglianze sanitarie e ostacola l\u2019implementazione di una governance <strong>equa ed efficace<\/strong>.<\/p>\n\n\n\n<p><\/p>\n<\/details>\n\n\n\n<p><\/p>\n","protected":false},"excerpt":{"rendered":"<p>I determinanti commerciali della salute (DCS) si riferiscono a un insieme di fattori economici e strutturali attraverso cui attori privati \u2013 soprattutto multinazionali \u2013 influenzano direttamente o indirettamente la salute delle popolazioni. Questa influenza pu\u00f2 essere positiva (ad esempio, lo sviluppo di un vaccino contro una pandemia) oppure negativa (come l\u2019opposizione dell\u2019industria del tabacco ai [&hellip;]<\/p>\n","protected":false},"author":6,"featured_media":0,"parent":0,"menu_order":-1,"comment_status":"closed","ping_status":"closed","template":"","meta":{"_acf_changed":false,"footnotes":""},"categories":[],"tags":[],"class_list":["post-1587","page","type-page","status-publish","hentry"],"acf":[],"yoast_head":"<!-- This site is optimized with the Yoast SEO plugin v26.0 - https:\/\/yoast.com\/wordpress\/plugins\/seo\/ -->\n<title>Contesto - Transparency and Truth<\/title>\n<meta name=\"robots\" content=\"index, follow, max-snippet:-1, max-image-preview:large, max-video-preview:-1\" \/>\n<link rel=\"canonical\" href=\"https:\/\/wpml.transparencyandtruth.ch\/it\/contesto\/\" \/>\n<meta property=\"og:locale\" content=\"it_IT\" \/>\n<meta property=\"og:type\" content=\"article\" \/>\n<meta property=\"og:title\" content=\"Contesto - Transparency and Truth\" \/>\n<meta property=\"og:description\" content=\"I determinanti commerciali della salute (DCS) si riferiscono a un insieme di fattori economici e strutturali attraverso cui attori privati \u2013 soprattutto multinazionali \u2013 influenzano direttamente o indirettamente la salute delle popolazioni. Questa influenza pu\u00f2 essere positiva (ad esempio, lo sviluppo di un vaccino contro una pandemia) oppure negativa (come l\u2019opposizione dell\u2019industria del tabacco ai [&hellip;]\" \/>\n<meta property=\"og:url\" content=\"https:\/\/wpml.transparencyandtruth.ch\/it\/contesto\/\" \/>\n<meta property=\"og:site_name\" content=\"Transparency and Truth\" \/>\n<meta property=\"article:modified_time\" content=\"2025-10-23T11:58:22+00:00\" \/>\n<meta property=\"og:image\" content=\"https:\/\/wpml.transparencyandtruth.ch\/wp-content\/uploads\/2025\/05\/tnt_logo.png\" \/>\n\t<meta property=\"og:image:width\" content=\"1041\" \/>\n\t<meta property=\"og:image:height\" content=\"716\" \/>\n\t<meta property=\"og:image:type\" content=\"image\/png\" \/>\n<meta name=\"twitter:card\" content=\"summary_large_image\" \/>\n<meta name=\"twitter:label1\" content=\"Tempo di lettura stimato\" \/>\n\t<meta name=\"twitter:data1\" content=\"4 minuti\" \/>\n<script type=\"application\/ld+json\" class=\"yoast-schema-graph\">{\"@context\":\"https:\/\/schema.org\",\"@graph\":[{\"@type\":\"WebPage\",\"@id\":\"https:\/\/wpml.transparencyandtruth.ch\/it\/contesto\/\",\"url\":\"https:\/\/wpml.transparencyandtruth.ch\/it\/contesto\/\",\"name\":\"Contesto - Transparency and Truth\",\"isPartOf\":{\"@id\":\"https:\/\/wpml.transparencyandtruth.ch\/it\/#website\"},\"datePublished\":\"2025-06-13T08:23:03+00:00\",\"dateModified\":\"2025-10-23T11:58:22+00:00\",\"breadcrumb\":{\"@id\":\"https:\/\/wpml.transparencyandtruth.ch\/it\/contesto\/#breadcrumb\"},\"inLanguage\":\"it-IT\",\"potentialAction\":[{\"@type\":\"ReadAction\",\"target\":[\"https:\/\/wpml.transparencyandtruth.ch\/it\/contesto\/\"]}]},{\"@type\":\"BreadcrumbList\",\"@id\":\"https:\/\/wpml.transparencyandtruth.ch\/it\/contesto\/#breadcrumb\",\"itemListElement\":[{\"@type\":\"ListItem\",\"position\":1,\"name\":\"Accueil\",\"item\":\"https:\/\/wpml.transparencyandtruth.ch\/it\/\"},{\"@type\":\"ListItem\",\"position\":2,\"name\":\"Contesto\"}]},{\"@type\":\"WebSite\",\"@id\":\"https:\/\/wpml.transparencyandtruth.ch\/it\/#website\",\"url\":\"https:\/\/wpml.transparencyandtruth.ch\/it\/\",\"name\":\"Transparency and Truth\",\"description\":\"\",\"publisher\":{\"@id\":\"https:\/\/wpml.transparencyandtruth.ch\/it\/#organization\"},\"alternateName\":\"TnT\",\"potentialAction\":[{\"@type\":\"SearchAction\",\"target\":{\"@type\":\"EntryPoint\",\"urlTemplate\":\"https:\/\/wpml.transparencyandtruth.ch\/it\/?s={search_term_string}\"},\"query-input\":{\"@type\":\"PropertyValueSpecification\",\"valueRequired\":true,\"valueName\":\"search_term_string\"}}],\"inLanguage\":\"it-IT\"},{\"@type\":\"Organization\",\"@id\":\"https:\/\/wpml.transparencyandtruth.ch\/it\/#organization\",\"name\":\"Transparency and Truth\",\"alternateName\":\"TnT\",\"url\":\"https:\/\/wpml.transparencyandtruth.ch\/it\/\",\"logo\":{\"@type\":\"ImageObject\",\"inLanguage\":\"it-IT\",\"@id\":\"https:\/\/wpml.transparencyandtruth.ch\/it\/#\/schema\/logo\/image\/\",\"url\":\"https:\/\/wpml.transparencyandtruth.ch\/wp-content\/uploads\/2025\/05\/tnt_logo.png\",\"contentUrl\":\"https:\/\/wpml.transparencyandtruth.ch\/wp-content\/uploads\/2025\/05\/tnt_logo.png\",\"width\":1041,\"height\":716,\"caption\":\"Transparency and Truth\"},\"image\":{\"@id\":\"https:\/\/wpml.transparencyandtruth.ch\/it\/#\/schema\/logo\/image\/\"},\"sameAs\":[\"https:\/\/www.instagram.com\/transparencytruth\/\",\"https:\/\/www.linkedin.com\/company\/transparency-and-truth\/\"]}]}<\/script>\n<!-- \/ Yoast SEO plugin. -->","yoast_head_json":{"title":"Contesto - Transparency and Truth","robots":{"index":"index","follow":"follow","max-snippet":"max-snippet:-1","max-image-preview":"max-image-preview:large","max-video-preview":"max-video-preview:-1"},"canonical":"https:\/\/wpml.transparencyandtruth.ch\/it\/contesto\/","og_locale":"it_IT","og_type":"article","og_title":"Contesto - Transparency and Truth","og_description":"I determinanti commerciali della salute (DCS) si riferiscono a un insieme di fattori economici e strutturali attraverso cui attori privati \u2013 soprattutto multinazionali \u2013 influenzano direttamente o indirettamente la salute delle popolazioni. Questa influenza pu\u00f2 essere positiva (ad esempio, lo sviluppo di un vaccino contro una pandemia) oppure negativa (come l\u2019opposizione dell\u2019industria del tabacco ai [&hellip;]","og_url":"https:\/\/wpml.transparencyandtruth.ch\/it\/contesto\/","og_site_name":"Transparency and Truth","article_modified_time":"2025-10-23T11:58:22+00:00","og_image":[{"width":1041,"height":716,"url":"https:\/\/wpml.transparencyandtruth.ch\/wp-content\/uploads\/2025\/05\/tnt_logo.png","type":"image\/png"}],"twitter_card":"summary_large_image","twitter_misc":{"Tempo di lettura stimato":"4 minuti"},"schema":{"@context":"https:\/\/schema.org","@graph":[{"@type":"WebPage","@id":"https:\/\/wpml.transparencyandtruth.ch\/it\/contesto\/","url":"https:\/\/wpml.transparencyandtruth.ch\/it\/contesto\/","name":"Contesto - Transparency and Truth","isPartOf":{"@id":"https:\/\/wpml.transparencyandtruth.ch\/it\/#website"},"datePublished":"2025-06-13T08:23:03+00:00","dateModified":"2025-10-23T11:58:22+00:00","breadcrumb":{"@id":"https:\/\/wpml.transparencyandtruth.ch\/it\/contesto\/#breadcrumb"},"inLanguage":"it-IT","potentialAction":[{"@type":"ReadAction","target":["https:\/\/wpml.transparencyandtruth.ch\/it\/contesto\/"]}]},{"@type":"BreadcrumbList","@id":"https:\/\/wpml.transparencyandtruth.ch\/it\/contesto\/#breadcrumb","itemListElement":[{"@type":"ListItem","position":1,"name":"Accueil","item":"https:\/\/wpml.transparencyandtruth.ch\/it\/"},{"@type":"ListItem","position":2,"name":"Contesto"}]},{"@type":"WebSite","@id":"https:\/\/wpml.transparencyandtruth.ch\/it\/#website","url":"https:\/\/wpml.transparencyandtruth.ch\/it\/","name":"Transparency and Truth","description":"","publisher":{"@id":"https:\/\/wpml.transparencyandtruth.ch\/it\/#organization"},"alternateName":"TnT","potentialAction":[{"@type":"SearchAction","target":{"@type":"EntryPoint","urlTemplate":"https:\/\/wpml.transparencyandtruth.ch\/it\/?s={search_term_string}"},"query-input":{"@type":"PropertyValueSpecification","valueRequired":true,"valueName":"search_term_string"}}],"inLanguage":"it-IT"},{"@type":"Organization","@id":"https:\/\/wpml.transparencyandtruth.ch\/it\/#organization","name":"Transparency and Truth","alternateName":"TnT","url":"https:\/\/wpml.transparencyandtruth.ch\/it\/","logo":{"@type":"ImageObject","inLanguage":"it-IT","@id":"https:\/\/wpml.transparencyandtruth.ch\/it\/#\/schema\/logo\/image\/","url":"https:\/\/wpml.transparencyandtruth.ch\/wp-content\/uploads\/2025\/05\/tnt_logo.png","contentUrl":"https:\/\/wpml.transparencyandtruth.ch\/wp-content\/uploads\/2025\/05\/tnt_logo.png","width":1041,"height":716,"caption":"Transparency and Truth"},"image":{"@id":"https:\/\/wpml.transparencyandtruth.ch\/it\/#\/schema\/logo\/image\/"},"sameAs":["https:\/\/www.instagram.com\/transparencytruth\/","https:\/\/www.linkedin.com\/company\/transparency-and-truth\/"]}]}},"_links":{"self":[{"href":"https:\/\/wpml.transparencyandtruth.ch\/it\/wp-json\/wp\/v2\/pages\/1587","targetHints":{"allow":["GET"]}}],"collection":[{"href":"https:\/\/wpml.transparencyandtruth.ch\/it\/wp-json\/wp\/v2\/pages"}],"about":[{"href":"https:\/\/wpml.transparencyandtruth.ch\/it\/wp-json\/wp\/v2\/types\/page"}],"author":[{"embeddable":true,"href":"https:\/\/wpml.transparencyandtruth.ch\/it\/wp-json\/wp\/v2\/users\/6"}],"replies":[{"embeddable":true,"href":"https:\/\/wpml.transparencyandtruth.ch\/it\/wp-json\/wp\/v2\/comments?post=1587"}],"version-history":[{"count":2,"href":"https:\/\/wpml.transparencyandtruth.ch\/it\/wp-json\/wp\/v2\/pages\/1587\/revisions"}],"predecessor-version":[{"id":2133,"href":"https:\/\/wpml.transparencyandtruth.ch\/it\/wp-json\/wp\/v2\/pages\/1587\/revisions\/2133"}],"wp:attachment":[{"href":"https:\/\/wpml.transparencyandtruth.ch\/it\/wp-json\/wp\/v2\/media?parent=1587"}],"wp:term":[{"taxonomy":"category","embeddable":true,"href":"https:\/\/wpml.transparencyandtruth.ch\/it\/wp-json\/wp\/v2\/categories?post=1587"},{"taxonomy":"post_tag","embeddable":true,"href":"https:\/\/wpml.transparencyandtruth.ch\/it\/wp-json\/wp\/v2\/tags?post=1587"}],"curies":[{"name":"wp","href":"https:\/\/api.w.org\/{rel}","templated":true}]}}