{"id":1249,"date":"2025-05-12T14:35:38","date_gmt":"2025-05-12T12:35:38","guid":{"rendered":"https:\/\/wpml.transparencyandtruth.ch\/?page_id=1249"},"modified":"2025-10-21T17:13:48","modified_gmt":"2025-10-21T15:13:48","slug":"ueber-uns","status":"publish","type":"page","link":"https:\/\/wpml.transparencyandtruth.ch\/de\/ueber-uns\/","title":{"rendered":"\u00dcber uns"},"content":{"rendered":"\n<p><\/p>\n\n\n\n<h2 class=\"wp-block-heading\">Die Schweiz ist im R\u00fcckstand<\/h2>\n\n\n\n<p>Die Schweiz belegt sowohl in der europ\u00e4ischen\u00a0<a href=\"https:\/\/www.at-schweiz.ch\/fr\/plaidoyer\/industrie-du-tabac\/tobacco-control-scale\/\">Tobacco Control Scale<\/a>\u00a0die die Umsetzung von Pr\u00e4ventionsmassnahmen bewertet, als auch im <a href=\"https:\/\/www.at-schweiz.ch\/fr\/plaidoyer\/industrie-du-tabac\/global-tobacco-industry-interference-index\/global-tobacco-industry-interference-index-2023\/\">Global Tobacco Industry Interference Index,<\/a> der den Einfluss der Tabakindustrie auf die Gesetzgebung misst, den vorletzten Platz. Das Land hat das von 183 L\u00e4ndern verabschiedete\u00a0<a href=\"https:\/\/fctc.who.int\/fr\/convention\">WHO-Rahmen\u00fcbereinkommen \u00fcber die Tabakkontrolle (FCTC)<\/a> noch nicht ratifiziert. Dieser R\u00fcckstand ist vor allem auf die Pr\u00e4senz multinationaler Tabak- und Nikotinunternehmen in der Schweiz zur\u00fcckzuf\u00fchren, die Strategien zur Beeinflussung der Gesellschaft und der Institutionen verfolgen.<\/p>\n\n\n\n<h2 class=\"wp-block-heading\">Eine von der Jugend initiierte Bewegung<\/h2>\n\n\n\n<p>TnT entstand 2018 aus einem partizipativen Jugendprojekt, das junge Menschen aus der ganzen Schweiz zusammenbrachte. Drei ihrer zentralen Ideen \u2013 mit Fokus auf Transparenz und den Widerstand gegen den Einfluss der Tabakindustrie \u2013 bildeten die Grundlage f\u00fcr die Entstehung dieser Initiative.<\/p>\n\n\n\n<h2 class=\"wp-block-heading\">Ein zentrales Element der nationalen Strategie<\/h2>\n\n\n\n<p>TnT ist Teil der Strategie 2025\u20132028 des&nbsp;<strong>Tabakpr\u00e4ventionsfonds (TPF)<\/strong>die darauf abzielt, die Tabak- und Nikotinindustrie zu denormalisieren und gesundheitsf\u00f6rdernde soziale Normen zu st\u00e4rken. Die Initiative folgt den Empfehlungen des WHO-Rahmen\u00fcbereinkommens zur Eind\u00e4mmung des Tabakkonsums hinsichtlich des Schutzes der \u00f6ffentlichen Politik und der Sensibilisierung der Bev\u00f6lkerung. In diesem strategischen Rahmen wurde der Auftrag zur Umsetzung an&nbsp;<strong>OxySuisse<\/strong> \u00fcbergeben, einem Verein, der sich f\u00fcr eine Schweiz ohne Einfluss der Tabakindustrie einsetzt. Seit \u00fcber 20 Jahren engagiert sich OxySuisse f\u00fcr den Schutz der \u00f6ffentlichen Gesundheit. Ein multidisziplin\u00e4res, dynamisches und entschlossenes Team setzt diesen Auftrag in enger Zusammenarbeit mit dem FPT um, mit dem Ziel, einen nachhaltigen Wandel zugunsten der Gesundheit und der sozialen Gerechtigkeit zu bewirken.<\/p>\n","protected":false},"excerpt":{"rendered":"<p>Die Initiative Transparency and Truth deckt die Strategien der Tabak- und Nikotinindustrie auf, welche in der Schweiz j\u00e4hrlich f\u00fcr rund 9&#8217;500 Todesf\u00e4lle verantwortlich ist.<\/p>\n","protected":false},"author":3,"featured_media":1248,"parent":0,"menu_order":0,"comment_status":"closed","ping_status":"closed","template":"templates\/template-about.php","meta":{"_acf_changed":false,"footnotes":""},"categories":[],"tags":[],"class_list":["post-1249","page","type-page","status-publish","has-post-thumbnail","hentry"],"acf":[],"yoast_head":"<!-- This site is optimized with the Yoast SEO plugin v26.0 - https:\/\/yoast.com\/wordpress\/plugins\/seo\/ -->\n<title>\u00dcber uns - Transparency and Truth<\/title>\n<meta name=\"robots\" content=\"index, follow, max-snippet:-1, max-image-preview:large, max-video-preview:-1\" \/>\n<link rel=\"canonical\" href=\"https:\/\/wpml.transparencyandtruth.ch\/de\/ueber-uns\/\" \/>\n<meta property=\"og:locale\" content=\"de_DE\" \/>\n<meta property=\"og:type\" content=\"article\" \/>\n<meta property=\"og:title\" content=\"\u00dcber uns - Transparency and Truth\" \/>\n<meta property=\"og:description\" content=\"Die Initiative Transparency and Truth deckt die Strategien der Tabak- und Nikotinindustrie auf, welche in der Schweiz j\u00e4hrlich f\u00fcr rund 9&#039;500 Todesf\u00e4lle verantwortlich ist.\" \/>\n<meta property=\"og:url\" content=\"https:\/\/wpml.transparencyandtruth.ch\/de\/ueber-uns\/\" \/>\n<meta property=\"og:site_name\" content=\"Transparency and Truth\" \/>\n<meta property=\"article:modified_time\" content=\"2025-10-21T15:13:48+00:00\" \/>\n<meta property=\"og:image\" content=\"https:\/\/wpml.transparencyandtruth.ch\/wp-content\/uploads\/2025\/05\/tnt_logo.png\" \/>\n\t<meta property=\"og:image:width\" content=\"1041\" \/>\n\t<meta property=\"og:image:height\" content=\"716\" \/>\n\t<meta property=\"og:image:type\" content=\"image\/png\" \/>\n<meta name=\"twitter:card\" content=\"summary_large_image\" \/>\n<meta name=\"twitter:label1\" content=\"Gesch\u00e4tzte Lesezeit\" \/>\n\t<meta name=\"twitter:data1\" content=\"2\u00a0Minuten\" \/>\n<script type=\"application\/ld+json\" class=\"yoast-schema-graph\">{\"@context\":\"https:\/\/schema.org\",\"@graph\":[{\"@type\":\"WebPage\",\"@id\":\"https:\/\/wpml.transparencyandtruth.ch\/de\/ueber-uns\/\",\"url\":\"https:\/\/wpml.transparencyandtruth.ch\/de\/ueber-uns\/\",\"name\":\"\u00dcber uns - Transparency and Truth\",\"isPartOf\":{\"@id\":\"https:\/\/wpml.transparencyandtruth.ch\/de\/#website\"},\"primaryImageOfPage\":{\"@id\":\"https:\/\/wpml.transparencyandtruth.ch\/de\/ueber-uns\/#primaryimage\"},\"image\":{\"@id\":\"https:\/\/wpml.transparencyandtruth.ch\/de\/ueber-uns\/#primaryimage\"},\"thumbnailUrl\":\"https:\/\/wpml.transparencyandtruth.ch\/wp-content\/uploads\/2025\/05\/tnt_logo.png\",\"datePublished\":\"2025-05-12T12:35:38+00:00\",\"dateModified\":\"2025-10-21T15:13:48+00:00\",\"breadcrumb\":{\"@id\":\"https:\/\/wpml.transparencyandtruth.ch\/de\/ueber-uns\/#breadcrumb\"},\"inLanguage\":\"de\",\"potentialAction\":[{\"@type\":\"ReadAction\",\"target\":[\"https:\/\/wpml.transparencyandtruth.ch\/de\/ueber-uns\/\"]}]},{\"@type\":\"ImageObject\",\"inLanguage\":\"de\",\"@id\":\"https:\/\/wpml.transparencyandtruth.ch\/de\/ueber-uns\/#primaryimage\",\"url\":\"https:\/\/wpml.transparencyandtruth.ch\/wp-content\/uploads\/2025\/05\/tnt_logo.png\",\"contentUrl\":\"https:\/\/wpml.transparencyandtruth.ch\/wp-content\/uploads\/2025\/05\/tnt_logo.png\",\"width\":1041,\"height\":716},{\"@type\":\"BreadcrumbList\",\"@id\":\"https:\/\/wpml.transparencyandtruth.ch\/de\/ueber-uns\/#breadcrumb\",\"itemListElement\":[{\"@type\":\"ListItem\",\"position\":1,\"name\":\"Accueil\",\"item\":\"https:\/\/wpml.transparencyandtruth.ch\/de\/\"},{\"@type\":\"ListItem\",\"position\":2,\"name\":\"\u00dcber uns\"}]},{\"@type\":\"WebSite\",\"@id\":\"https:\/\/wpml.transparencyandtruth.ch\/de\/#website\",\"url\":\"https:\/\/wpml.transparencyandtruth.ch\/de\/\",\"name\":\"Transparency and Truth\",\"description\":\"\",\"publisher\":{\"@id\":\"https:\/\/wpml.transparencyandtruth.ch\/de\/#organization\"},\"alternateName\":\"TnT\",\"potentialAction\":[{\"@type\":\"SearchAction\",\"target\":{\"@type\":\"EntryPoint\",\"urlTemplate\":\"https:\/\/wpml.transparencyandtruth.ch\/de\/?s={search_term_string}\"},\"query-input\":{\"@type\":\"PropertyValueSpecification\",\"valueRequired\":true,\"valueName\":\"search_term_string\"}}],\"inLanguage\":\"de\"},{\"@type\":\"Organization\",\"@id\":\"https:\/\/wpml.transparencyandtruth.ch\/de\/#organization\",\"name\":\"Transparency and Truth\",\"alternateName\":\"TnT\",\"url\":\"https:\/\/wpml.transparencyandtruth.ch\/de\/\",\"logo\":{\"@type\":\"ImageObject\",\"inLanguage\":\"de\",\"@id\":\"https:\/\/wpml.transparencyandtruth.ch\/de\/#\/schema\/logo\/image\/\",\"url\":\"https:\/\/wpml.transparencyandtruth.ch\/wp-content\/uploads\/2025\/05\/tnt_logo.png\",\"contentUrl\":\"https:\/\/wpml.transparencyandtruth.ch\/wp-content\/uploads\/2025\/05\/tnt_logo.png\",\"width\":1041,\"height\":716,\"caption\":\"Transparency and Truth\"},\"image\":{\"@id\":\"https:\/\/wpml.transparencyandtruth.ch\/de\/#\/schema\/logo\/image\/\"},\"sameAs\":[\"https:\/\/www.instagram.com\/transparencytruth\/\",\"https:\/\/www.linkedin.com\/company\/transparency-and-truth\/\"]}]}<\/script>\n<!-- \/ Yoast SEO plugin. -->","yoast_head_json":{"title":"\u00dcber uns - Transparency and Truth","robots":{"index":"index","follow":"follow","max-snippet":"max-snippet:-1","max-image-preview":"max-image-preview:large","max-video-preview":"max-video-preview:-1"},"canonical":"https:\/\/wpml.transparencyandtruth.ch\/de\/ueber-uns\/","og_locale":"de_DE","og_type":"article","og_title":"\u00dcber uns - Transparency and Truth","og_description":"Die Initiative Transparency and Truth deckt die Strategien der Tabak- und Nikotinindustrie auf, welche in der Schweiz j\u00e4hrlich f\u00fcr rund 9'500 Todesf\u00e4lle verantwortlich ist.","og_url":"https:\/\/wpml.transparencyandtruth.ch\/de\/ueber-uns\/","og_site_name":"Transparency and Truth","article_modified_time":"2025-10-21T15:13:48+00:00","og_image":[{"width":1041,"height":716,"url":"https:\/\/wpml.transparencyandtruth.ch\/wp-content\/uploads\/2025\/05\/tnt_logo.png","type":"image\/png"}],"twitter_card":"summary_large_image","twitter_misc":{"Gesch\u00e4tzte Lesezeit":"2\u00a0Minuten"},"schema":{"@context":"https:\/\/schema.org","@graph":[{"@type":"WebPage","@id":"https:\/\/wpml.transparencyandtruth.ch\/de\/ueber-uns\/","url":"https:\/\/wpml.transparencyandtruth.ch\/de\/ueber-uns\/","name":"\u00dcber uns - Transparency and Truth","isPartOf":{"@id":"https:\/\/wpml.transparencyandtruth.ch\/de\/#website"},"primaryImageOfPage":{"@id":"https:\/\/wpml.transparencyandtruth.ch\/de\/ueber-uns\/#primaryimage"},"image":{"@id":"https:\/\/wpml.transparencyandtruth.ch\/de\/ueber-uns\/#primaryimage"},"thumbnailUrl":"https:\/\/wpml.transparencyandtruth.ch\/wp-content\/uploads\/2025\/05\/tnt_logo.png","datePublished":"2025-05-12T12:35:38+00:00","dateModified":"2025-10-21T15:13:48+00:00","breadcrumb":{"@id":"https:\/\/wpml.transparencyandtruth.ch\/de\/ueber-uns\/#breadcrumb"},"inLanguage":"de","potentialAction":[{"@type":"ReadAction","target":["https:\/\/wpml.transparencyandtruth.ch\/de\/ueber-uns\/"]}]},{"@type":"ImageObject","inLanguage":"de","@id":"https:\/\/wpml.transparencyandtruth.ch\/de\/ueber-uns\/#primaryimage","url":"https:\/\/wpml.transparencyandtruth.ch\/wp-content\/uploads\/2025\/05\/tnt_logo.png","contentUrl":"https:\/\/wpml.transparencyandtruth.ch\/wp-content\/uploads\/2025\/05\/tnt_logo.png","width":1041,"height":716},{"@type":"BreadcrumbList","@id":"https:\/\/wpml.transparencyandtruth.ch\/de\/ueber-uns\/#breadcrumb","itemListElement":[{"@type":"ListItem","position":1,"name":"Accueil","item":"https:\/\/wpml.transparencyandtruth.ch\/de\/"},{"@type":"ListItem","position":2,"name":"\u00dcber uns"}]},{"@type":"WebSite","@id":"https:\/\/wpml.transparencyandtruth.ch\/de\/#website","url":"https:\/\/wpml.transparencyandtruth.ch\/de\/","name":"Transparency and Truth","description":"","publisher":{"@id":"https:\/\/wpml.transparencyandtruth.ch\/de\/#organization"},"alternateName":"TnT","potentialAction":[{"@type":"SearchAction","target":{"@type":"EntryPoint","urlTemplate":"https:\/\/wpml.transparencyandtruth.ch\/de\/?s={search_term_string}"},"query-input":{"@type":"PropertyValueSpecification","valueRequired":true,"valueName":"search_term_string"}}],"inLanguage":"de"},{"@type":"Organization","@id":"https:\/\/wpml.transparencyandtruth.ch\/de\/#organization","name":"Transparency and Truth","alternateName":"TnT","url":"https:\/\/wpml.transparencyandtruth.ch\/de\/","logo":{"@type":"ImageObject","inLanguage":"de","@id":"https:\/\/wpml.transparencyandtruth.ch\/de\/#\/schema\/logo\/image\/","url":"https:\/\/wpml.transparencyandtruth.ch\/wp-content\/uploads\/2025\/05\/tnt_logo.png","contentUrl":"https:\/\/wpml.transparencyandtruth.ch\/wp-content\/uploads\/2025\/05\/tnt_logo.png","width":1041,"height":716,"caption":"Transparency and Truth"},"image":{"@id":"https:\/\/wpml.transparencyandtruth.ch\/de\/#\/schema\/logo\/image\/"},"sameAs":["https:\/\/www.instagram.com\/transparencytruth\/","https:\/\/www.linkedin.com\/company\/transparency-and-truth\/"]}]}},"_links":{"self":[{"href":"https:\/\/wpml.transparencyandtruth.ch\/de\/wp-json\/wp\/v2\/pages\/1249","targetHints":{"allow":["GET"]}}],"collection":[{"href":"https:\/\/wpml.transparencyandtruth.ch\/de\/wp-json\/wp\/v2\/pages"}],"about":[{"href":"https:\/\/wpml.transparencyandtruth.ch\/de\/wp-json\/wp\/v2\/types\/page"}],"author":[{"embeddable":true,"href":"https:\/\/wpml.transparencyandtruth.ch\/de\/wp-json\/wp\/v2\/users\/3"}],"replies":[{"embeddable":true,"href":"https:\/\/wpml.transparencyandtruth.ch\/de\/wp-json\/wp\/v2\/comments?post=1249"}],"version-history":[{"count":28,"href":"https:\/\/wpml.transparencyandtruth.ch\/de\/wp-json\/wp\/v2\/pages\/1249\/revisions"}],"predecessor-version":[{"id":2119,"href":"https:\/\/wpml.transparencyandtruth.ch\/de\/wp-json\/wp\/v2\/pages\/1249\/revisions\/2119"}],"wp:featuredmedia":[{"embeddable":true,"href":"https:\/\/wpml.transparencyandtruth.ch\/de\/wp-json\/wp\/v2\/media\/1248"}],"wp:attachment":[{"href":"https:\/\/wpml.transparencyandtruth.ch\/de\/wp-json\/wp\/v2\/media?parent=1249"}],"wp:term":[{"taxonomy":"category","embeddable":true,"href":"https:\/\/wpml.transparencyandtruth.ch\/de\/wp-json\/wp\/v2\/categories?post=1249"},{"taxonomy":"post_tag","embeddable":true,"href":"https:\/\/wpml.transparencyandtruth.ch\/de\/wp-json\/wp\/v2\/tags?post=1249"}],"curies":[{"name":"wp","href":"https:\/\/api.w.org\/{rel}","templated":true}]}}